{"id":24,"date":"2025-01-30T15:03:56","date_gmt":"2025-01-30T15:03:56","guid":{"rendered":"https:\/\/luisaleao.com\/?page_id=24"},"modified":"2025-12-16T15:55:53","modified_gmt":"2025-12-16T15:55:53","slug":"midia","status":"publish","type":"page","link":"https:\/\/luisaleao.com\/en\/midia\/","title":{"rendered":"Media"},"content":{"rendered":"<div data-elementor-type=\"wp-page\" data-elementor-id=\"24\" class=\"elementor elementor-24\">\n\t\t\t\t<div class=\"elementor-element elementor-element-c359506 e-flex e-con-boxed e-con e-parent\" data-id=\"c359506\" data-element_type=\"container\">\n\t\t\t\t\t<div class=\"e-con-inner\">\n\t\t<div class=\"elementor-element elementor-element-400cac5 e-con-full e-flex e-con e-child\" data-id=\"400cac5\" data-element_type=\"container\">\n\t\t\t\t<div class=\"elementor-element elementor-element-82d6b98 elementor-widget elementor-widget-image\" data-id=\"82d6b98\" data-element_type=\"widget\" data-widget_type=\"image.default\">\n\t\t\t\t<div class=\"elementor-widget-container\">\n\t\t\t\t\t\t\t\t\t\t\t\t\t\t\t<img decoding=\"async\" width=\"800\" height=\"670\" data-src=\"https:\/\/luisaleao.com\/wp-content\/uploads\/2025\/02\/Captura-de-Tela-2025-02-18-as-16.59.14-1024x858.png\" class=\"attachment-large size-large wp-image-1186 lazyload\" alt=\"\" data-srcset=\"https:\/\/luisaleao.com\/wp-content\/uploads\/2025\/02\/Captura-de-Tela-2025-02-18-as-16.59.14-1024x858.png 1024w, https:\/\/luisaleao.com\/wp-content\/uploads\/2025\/02\/Captura-de-Tela-2025-02-18-as-16.59.14-300x251.png 300w, https:\/\/luisaleao.com\/wp-content\/uploads\/2025\/02\/Captura-de-Tela-2025-02-18-as-16.59.14-768x644.png 768w, https:\/\/luisaleao.com\/wp-content\/uploads\/2025\/02\/Captura-de-Tela-2025-02-18-as-16.59.14.png 1470w\" data-sizes=\"(max-width: 800px) 100vw, 800px\" src=\"data:image\/svg+xml;base64,PHN2ZyB3aWR0aD0iMSIgaGVpZ2h0PSIxIiB4bWxucz0iaHR0cDovL3d3dy53My5vcmcvMjAwMC9zdmciPjwvc3ZnPg==\" style=\"--smush-placeholder-width: 800px; --smush-placeholder-aspect-ratio: 800\/670;\" \/>\t\t\t\t\t\t\t\t\t\t\t\t\t\t\t<\/div>\n\t\t\t\t<\/div>\n\t\t\t\t<\/div>\n\t\t<div class=\"elementor-element elementor-element-5d18d60 e-con-full e-flex e-con e-child\" data-id=\"5d18d60\" data-element_type=\"container\">\n\t\t\t\t<div class=\"elementor-element elementor-element-9c11bc9 elementor-widget elementor-widget-heading\" data-id=\"9c11bc9\" data-element_type=\"widget\" data-widget_type=\"heading.default\">\n\t\t\t\t<div class=\"elementor-widget-container\">\n\t\t\t\t\t<h2 class=\"elementor-heading-title elementor-size-default\">Lu\u00edsa Le\u00e3o\n<\/h2>\t\t\t\t<\/div>\n\t\t\t\t<\/div>\n\t\t\t\t<div class=\"elementor-element elementor-element-052d334 elementor-widget elementor-widget-text-editor\" data-id=\"052d334\" data-element_type=\"widget\" data-widget_type=\"text-editor.default\">\n\t\t\t\t<div class=\"elementor-widget-container\">\n\t\t\t\t\t\t\t\t\t<p><span style=\"font-weight: 400;\">Interview for R\u00e1dio Clube da Covilh\u00e3 by Ta\u00edsa Cruz.<\/span><\/p>\t\t\t\t\t\t\t\t<\/div>\n\t\t\t\t<\/div>\n\t\t\t\t<div class=\"elementor-element elementor-element-e572564 elementor-mobile-align-center elementor-widget elementor-widget-button\" data-id=\"e572564\" data-element_type=\"widget\" data-widget_type=\"button.default\">\n\t\t\t\t<div class=\"elementor-widget-container\">\n\t\t\t\t\t\t\t\t\t<div class=\"elementor-button-wrapper\">\n\t\t\t\t\t<a class=\"elementor-button elementor-button-link elementor-size-sm\" href=\"https:\/\/radio-covilha.pt\/luisa-leao\/%20\" target=\"_blank\">\n\t\t\t\t\t\t<span class=\"elementor-button-content-wrapper\">\n\t\t\t\t\t\t\t\t\t<span class=\"elementor-button-text\">More<\/span>\n\t\t\t\t\t<\/span>\n\t\t\t\t\t<\/a>\n\t\t\t\t<\/div>\n\t\t\t\t\t\t\t\t<\/div>\n\t\t\t\t<\/div>\n\t\t\t\t<\/div>\n\t\t\t\t\t<\/div>\n\t\t\t\t<\/div>\n\t\t<div class=\"elementor-element elementor-element-d348fdb e-flex e-con-boxed e-con e-parent\" data-id=\"d348fdb\" data-element_type=\"container\">\n\t\t\t\t\t<div class=\"e-con-inner\">\n\t\t<div class=\"elementor-element elementor-element-934c011 e-con-full e-flex e-con e-child\" data-id=\"934c011\" data-element_type=\"container\">\n\t\t\t\t<div class=\"elementor-element elementor-element-91f6078 elementor-widget elementor-widget-image\" data-id=\"91f6078\" data-element_type=\"widget\" data-widget_type=\"image.default\">\n\t\t\t\t<div class=\"elementor-widget-container\">\n\t\t\t\t\t\t\t\t\t\t\t\t\t\t\t<img decoding=\"async\" width=\"800\" height=\"806\" data-src=\"https:\/\/luisaleao.com\/wp-content\/uploads\/2025\/02\/Captura-de-Tela-2025-02-18-as-17.01.56-1016x1024.png\" class=\"attachment-large size-large wp-image-1187 lazyload\" alt=\"\" data-srcset=\"https:\/\/luisaleao.com\/wp-content\/uploads\/2025\/02\/Captura-de-Tela-2025-02-18-as-17.01.56-1016x1024.png 1016w, https:\/\/luisaleao.com\/wp-content\/uploads\/2025\/02\/Captura-de-Tela-2025-02-18-as-17.01.56-298x300.png 298w, https:\/\/luisaleao.com\/wp-content\/uploads\/2025\/02\/Captura-de-Tela-2025-02-18-as-17.01.56-150x150.png 150w, https:\/\/luisaleao.com\/wp-content\/uploads\/2025\/02\/Captura-de-Tela-2025-02-18-as-17.01.56-768x774.png 768w, https:\/\/luisaleao.com\/wp-content\/uploads\/2025\/02\/Captura-de-Tela-2025-02-18-as-17.01.56.png 1456w\" data-sizes=\"(max-width: 800px) 100vw, 800px\" src=\"data:image\/svg+xml;base64,PHN2ZyB3aWR0aD0iMSIgaGVpZ2h0PSIxIiB4bWxucz0iaHR0cDovL3d3dy53My5vcmcvMjAwMC9zdmciPjwvc3ZnPg==\" style=\"--smush-placeholder-width: 800px; --smush-placeholder-aspect-ratio: 800\/806;\" \/>\t\t\t\t\t\t\t\t\t\t\t\t\t\t\t<\/div>\n\t\t\t\t<\/div>\n\t\t\t\t<\/div>\n\t\t<div class=\"elementor-element elementor-element-1a984a3 e-con-full e-flex e-con e-child\" data-id=\"1a984a3\" data-element_type=\"container\">\n\t\t\t\t<div class=\"elementor-element elementor-element-d16648b elementor-widget elementor-widget-heading\" data-id=\"d16648b\" data-element_type=\"widget\" data-widget_type=\"heading.default\">\n\t\t\t\t<div class=\"elementor-widget-container\">\n\t\t\t\t\t<h2 class=\"elementor-heading-title elementor-size-default\">\u201cI discovered that embroidery plays a role in art\u201d<\/h2>\t\t\t\t<\/div>\n\t\t\t\t<\/div>\n\t\t\t\t<div class=\"elementor-element elementor-element-b0cbb0f elementor-widget elementor-widget-text-editor\" data-id=\"b0cbb0f\" data-element_type=\"widget\" data-widget_type=\"text-editor.default\">\n\t\t\t\t<div class=\"elementor-widget-container\">\n\t\t\t\t\t\t\t\t\t<p><span style=\"font-weight: 400;\">Report in UBI Magazine by Let\u00edcia Lima.<\/span><\/p>\t\t\t\t\t\t\t\t<\/div>\n\t\t\t\t<\/div>\n\t\t\t\t<div class=\"elementor-element elementor-element-a4cd078 elementor-mobile-align-center elementor-widget elementor-widget-button\" data-id=\"a4cd078\" data-element_type=\"widget\" data-widget_type=\"button.default\">\n\t\t\t\t<div class=\"elementor-widget-container\">\n\t\t\t\t\t\t\t\t\t<div class=\"elementor-button-wrapper\">\n\t\t\t\t\t<a class=\"elementor-button elementor-button-link elementor-size-sm\" href=\"https:\/\/magazineubi.wordpress.com\/2023\/05\/04\/1-7\/?fbclid=PAZXh0bgNhZW0CMTEAAabgTva2wA5LeVvD0gu8Oy4P82o-SFKIujWM8b7Nj2Zi9cuq6m56YLxNVFw_aem_OVCG4l47DYOtZFD6M-qy_w%23more-2675%20\" target=\"_blank\">\n\t\t\t\t\t\t<span class=\"elementor-button-content-wrapper\">\n\t\t\t\t\t\t\t\t\t<span class=\"elementor-button-text\">More<\/span>\n\t\t\t\t\t<\/span>\n\t\t\t\t\t<\/a>\n\t\t\t\t<\/div>\n\t\t\t\t\t\t\t\t<\/div>\n\t\t\t\t<\/div>\n\t\t\t\t<\/div>\n\t\t\t\t\t<\/div>\n\t\t\t\t<\/div>\n\t\t<div class=\"elementor-element elementor-element-5069966 e-flex e-con-boxed e-con e-parent\" data-id=\"5069966\" data-element_type=\"container\">\n\t\t\t\t\t<div class=\"e-con-inner\">\n\t\t<div class=\"elementor-element elementor-element-ff2a9b1 e-con-full e-flex e-con e-child\" data-id=\"ff2a9b1\" data-element_type=\"container\">\n\t\t\t\t<div class=\"elementor-element elementor-element-c0f604d elementor-widget elementor-widget-image\" data-id=\"c0f604d\" data-element_type=\"widget\" data-widget_type=\"image.default\">\n\t\t\t\t<div class=\"elementor-widget-container\">\n\t\t\t\t\t\t\t\t\t\t\t\t\t\t\t<img decoding=\"async\" width=\"800\" height=\"733\" data-src=\"https:\/\/luisaleao.com\/wp-content\/uploads\/2025\/02\/Captura-de-Tela-2025-02-18-as-17.05.44-1024x938.png\" class=\"attachment-large size-large wp-image-1188 lazyload\" alt=\"\" data-srcset=\"https:\/\/luisaleao.com\/wp-content\/uploads\/2025\/02\/Captura-de-Tela-2025-02-18-as-17.05.44-1024x938.png 1024w, https:\/\/luisaleao.com\/wp-content\/uploads\/2025\/02\/Captura-de-Tela-2025-02-18-as-17.05.44-300x275.png 300w, https:\/\/luisaleao.com\/wp-content\/uploads\/2025\/02\/Captura-de-Tela-2025-02-18-as-17.05.44-768x704.png 768w, https:\/\/luisaleao.com\/wp-content\/uploads\/2025\/02\/Captura-de-Tela-2025-02-18-as-17.05.44-1536x1408.png 1536w, https:\/\/luisaleao.com\/wp-content\/uploads\/2025\/02\/Captura-de-Tela-2025-02-18-as-17.05.44.png 1700w\" data-sizes=\"(max-width: 800px) 100vw, 800px\" src=\"data:image\/svg+xml;base64,PHN2ZyB3aWR0aD0iMSIgaGVpZ2h0PSIxIiB4bWxucz0iaHR0cDovL3d3dy53My5vcmcvMjAwMC9zdmciPjwvc3ZnPg==\" style=\"--smush-placeholder-width: 800px; --smush-placeholder-aspect-ratio: 800\/733;\" \/>\t\t\t\t\t\t\t\t\t\t\t\t\t\t\t<\/div>\n\t\t\t\t<\/div>\n\t\t\t\t<\/div>\n\t\t<div class=\"elementor-element elementor-element-696be0a e-con-full e-flex e-con e-child\" data-id=\"696be0a\" data-element_type=\"container\">\n\t\t\t\t<div class=\"elementor-element elementor-element-63be5b9 elementor-widget elementor-widget-heading\" data-id=\"63be5b9\" data-element_type=\"widget\" data-widget_type=\"heading.default\">\n\t\t\t\t<div class=\"elementor-widget-container\">\n\t\t\t\t\t<h2 class=\"elementor-heading-title elementor-size-default\">\u201cMulheres na Beira\u201d (Women in Beira) on exhibition<\/h2>\t\t\t\t<\/div>\n\t\t\t\t<\/div>\n\t\t\t\t<div class=\"elementor-element elementor-element-342f2c7 elementor-widget elementor-widget-text-editor\" data-id=\"342f2c7\" data-element_type=\"widget\" data-widget_type=\"text-editor.default\">\n\t\t\t\t<div class=\"elementor-widget-container\">\n\t\t\t\t\t\t\t\t\t<p><span style=\"font-weight: 400;\">Interview for Radio Cova da Beira by Nuno Miguel <\/span><\/p>\t\t\t\t\t\t\t\t<\/div>\n\t\t\t\t<\/div>\n\t\t\t\t<div class=\"elementor-element elementor-element-86b68ba elementor-mobile-align-center elementor-widget elementor-widget-button\" data-id=\"86b68ba\" data-element_type=\"widget\" data-widget_type=\"button.default\">\n\t\t\t\t<div class=\"elementor-widget-container\">\n\t\t\t\t\t\t\t\t\t<div class=\"elementor-button-wrapper\">\n\t\t\t\t\t<a class=\"elementor-button elementor-button-link elementor-size-sm\" href=\"https:\/\/rcb-radiocovadabeira.pt\/mulheres-na-beira-em-exposicao\/?fbclid=PAZXh0bgNhZW0CMTEAAabiYaWW2DcJdWRtMsC9TLu3jatZ4qnpovYKpXgn5ctl1TrDWvz3oEscAPM_aem_kseMgLuPLR8WR1tm6vWvDQ%20\" target=\"_blank\">\n\t\t\t\t\t\t<span class=\"elementor-button-content-wrapper\">\n\t\t\t\t\t\t\t\t\t<span class=\"elementor-button-text\">More<\/span>\n\t\t\t\t\t<\/span>\n\t\t\t\t\t<\/a>\n\t\t\t\t<\/div>\n\t\t\t\t\t\t\t\t<\/div>\n\t\t\t\t<\/div>\n\t\t\t\t<\/div>\n\t\t\t\t\t<\/div>\n\t\t\t\t<\/div>\n\t\t<div class=\"elementor-element elementor-element-eb3cd68 e-flex e-con-boxed e-con e-parent\" data-id=\"eb3cd68\" data-element_type=\"container\">\n\t\t\t\t\t<div class=\"e-con-inner\">\n\t\t<div class=\"elementor-element elementor-element-853e91c e-con-full e-flex e-con e-child\" data-id=\"853e91c\" data-element_type=\"container\">\n\t\t\t\t<div class=\"elementor-element elementor-element-9d29b5e elementor-widget elementor-widget-image\" data-id=\"9d29b5e\" data-element_type=\"widget\" data-widget_type=\"image.default\">\n\t\t\t\t<div class=\"elementor-widget-container\">\n\t\t\t\t\t\t\t\t\t\t\t\t\t\t\t<img decoding=\"async\" width=\"800\" height=\"454\" data-src=\"https:\/\/luisaleao.com\/wp-content\/uploads\/2025\/02\/Captura-de-Tela-2025-02-18-as-17.08.52-1024x581.png\" class=\"attachment-large size-large wp-image-1190 lazyload\" alt=\"\" data-srcset=\"https:\/\/luisaleao.com\/wp-content\/uploads\/2025\/02\/Captura-de-Tela-2025-02-18-as-17.08.52-1024x581.png 1024w, https:\/\/luisaleao.com\/wp-content\/uploads\/2025\/02\/Captura-de-Tela-2025-02-18-as-17.08.52-300x170.png 300w, https:\/\/luisaleao.com\/wp-content\/uploads\/2025\/02\/Captura-de-Tela-2025-02-18-as-17.08.52-768x435.png 768w, https:\/\/luisaleao.com\/wp-content\/uploads\/2025\/02\/Captura-de-Tela-2025-02-18-as-17.08.52-1536x871.png 1536w, https:\/\/luisaleao.com\/wp-content\/uploads\/2025\/02\/Captura-de-Tela-2025-02-18-as-17.08.52.png 1986w\" data-sizes=\"(max-width: 800px) 100vw, 800px\" src=\"data:image\/svg+xml;base64,PHN2ZyB3aWR0aD0iMSIgaGVpZ2h0PSIxIiB4bWxucz0iaHR0cDovL3d3dy53My5vcmcvMjAwMC9zdmciPjwvc3ZnPg==\" style=\"--smush-placeholder-width: 800px; --smush-placeholder-aspect-ratio: 800\/454;\" \/>\t\t\t\t\t\t\t\t\t\t\t\t\t\t\t<\/div>\n\t\t\t\t<\/div>\n\t\t\t\t<\/div>\n\t\t<div class=\"elementor-element elementor-element-2aafbc6 e-con-full e-flex e-con e-child\" data-id=\"2aafbc6\" data-element_type=\"container\">\n\t\t\t\t<div class=\"elementor-element elementor-element-f624268 elementor-widget elementor-widget-heading\" data-id=\"f624268\" data-element_type=\"widget\" data-widget_type=\"heading.default\">\n\t\t\t\t<div class=\"elementor-widget-container\">\n\t\t\t\t\t<h2 class=\"elementor-heading-title elementor-size-default\">WOOL 2024\n<\/h2>\t\t\t\t<\/div>\n\t\t\t\t<\/div>\n\t\t\t\t<div class=\"elementor-element elementor-element-6405b77 elementor-widget elementor-widget-text-editor\" data-id=\"6405b77\" data-element_type=\"widget\" data-widget_type=\"text-editor.default\">\n\t\t\t\t<div class=\"elementor-widget-container\">\n\t\t\t\t\t\t\t\t\t<p><span style=\"font-weight: 400;\">Participation in the Tvi newspaper report on Portugal's oldest urban art festival, in which Lu\u00edsa held an embroidery workshop. <\/span><i><span style=\"font-weight: 400;\">workshop<\/span><\/i><span style=\"font-weight: 400;\"> de bordado.<\/span><\/p>\t\t\t\t\t\t\t\t<\/div>\n\t\t\t\t<\/div>\n\t\t\t\t<div class=\"elementor-element elementor-element-7d1827d elementor-mobile-align-center elementor-widget elementor-widget-button\" data-id=\"7d1827d\" data-element_type=\"widget\" data-widget_type=\"button.default\">\n\t\t\t\t<div class=\"elementor-widget-container\">\n\t\t\t\t\t\t\t\t\t<div class=\"elementor-button-wrapper\">\n\t\t\t\t\t<a class=\"elementor-button elementor-button-link elementor-size-sm\" href=\"https:\/\/tviplayer.iol.pt\/programa\/tvi-jornal\/63ef5eb50cf2665294d5f87a\/video\/6670dd060cf2cd207b829bb0\" target=\"_blank\">\n\t\t\t\t\t\t<span class=\"elementor-button-content-wrapper\">\n\t\t\t\t\t\t\t\t\t<span class=\"elementor-button-text\">More<\/span>\n\t\t\t\t\t<\/span>\n\t\t\t\t\t<\/a>\n\t\t\t\t<\/div>\n\t\t\t\t\t\t\t\t<\/div>\n\t\t\t\t<\/div>\n\t\t\t\t<\/div>\n\t\t\t\t\t<\/div>\n\t\t\t\t<\/div>\n\t\t<div class=\"elementor-element elementor-element-70526e47 e-flex e-con-boxed e-con e-parent\" data-id=\"70526e47\" data-element_type=\"container\">\n\t\t\t\t\t<div class=\"e-con-inner\">\n\t\t\t\t<div class=\"elementor-element elementor-element-2c45ea4 elementor-widget elementor-widget-spacer\" data-id=\"2c45ea4\" data-element_type=\"widget\" data-widget_type=\"spacer.default\">\n\t\t\t\t<div class=\"elementor-widget-container\">\n\t\t\t\t\t\t\t<div class=\"elementor-spacer\">\n\t\t\t<div class=\"elementor-spacer-inner\"><\/div>\n\t\t<\/div>\n\t\t\t\t\t\t<\/div>\n\t\t\t\t<\/div>\n\t\t\t\t<div class=\"elementor-element elementor-element-55005e4c elementor-shape-rounded elementor-grid-0 e-grid-align-center elementor-widget elementor-widget-social-icons\" data-id=\"55005e4c\" data-element_type=\"widget\" data-widget_type=\"social-icons.default\">\n\t\t\t\t<div class=\"elementor-widget-container\">\n\t\t\t\t\t\t\t<div class=\"elementor-social-icons-wrapper elementor-grid\">\n\t\t\t\t\t\t\t<span class=\"elementor-grid-item\">\n\t\t\t\t\t<a class=\"elementor-icon elementor-social-icon elementor-social-icon-instagram elementor-repeater-item-d4545df\" href=\"https:\/\/www.instagram.com\/luisaleao.atelier\/\" target=\"_blank\">\n\t\t\t\t\t\t<span class=\"elementor-screen-only\">Instagram<\/span>\n\t\t\t\t\t\t<svg aria-hidden=\"true\" class=\"e-font-icon-svg e-fab-instagram\" viewbox=\"0 0 448 512\" xmlns=\"http:\/\/www.w3.org\/2000\/svg\"><path d=\"M224.1 141c-63.6 0-114.9 51.3-114.9 114.9s51.3 114.9 114.9 114.9S339 319.5 339 255.9 287.7 141 224.1 141zm0 189.6c-41.1 0-74.7-33.5-74.7-74.7s33.5-74.7 74.7-74.7 74.7 33.5 74.7 74.7-33.6 74.7-74.7 74.7zm146.4-194.3c0 14.9-12 26.8-26.8 26.8-14.9 0-26.8-12-26.8-26.8s12-26.8 26.8-26.8 26.8 12 26.8 26.8zm76.1 27.2c-1.7-35.9-9.9-67.7-36.2-93.9-26.2-26.2-58-34.4-93.9-36.2-37-2.1-147.9-2.1-184.9 0-35.8 1.7-67.6 9.9-93.9 36.1s-34.4 58-36.2 93.9c-2.1 37-2.1 147.9 0 184.9 1.7 35.9 9.9 67.7 36.2 93.9s58 34.4 93.9 36.2c37 2.1 147.9 2.1 184.9 0 35.9-1.7 67.7-9.9 93.9-36.2 26.2-26.2 34.4-58 36.2-93.9 2.1-37 2.1-147.8 0-184.8zM398.8 388c-7.8 19.6-22.9 34.7-42.6 42.6-29.5 11.7-99.5 9-132.1 9s-102.7 2.6-132.1-9c-19.6-7.8-34.7-22.9-42.6-42.6-11.7-29.5-9-99.5-9-132.1s-2.6-102.7 9-132.1c7.8-19.6 22.9-34.7 42.6-42.6 29.5-11.7 99.5-9 132.1-9s102.7-2.6 132.1 9c19.6 7.8 34.7 22.9 42.6 42.6 11.7 29.5 9 99.5 9 132.1s2.7 102.7-9 132.1z\"><\/path><\/svg>\t\t\t\t\t<\/a>\n\t\t\t\t<\/span>\n\t\t\t\t\t<\/div>\n\t\t\t\t\t\t<\/div>\n\t\t\t\t<\/div>\n\t\t\t\t\t<\/div>\n\t\t\t\t<\/div>\n\t\t\t\t<\/div>","protected":false},"excerpt":{"rendered":"<p>Lu\u00edsa Le\u00e3o Entrevista para a R\u00e1dio Clube da Covilh\u00e3 feita por Ta\u00edsa Cruz. Saiba mais \u201cDescobri que o bordado tem papel na arte\u201d Reportagem na Magazine UBI feita por Let\u00edcia Lima. Saiba mais \u201cMulheres na Beira\u201d em exposi\u00e7\u00e3o Entrevista para a R\u00e1dio Cova da Beira feita por Nuno Miguel Saiba mais WOOL 2024 Participa\u00e7\u00e3o na [&hellip;]<\/p>\n","protected":false},"author":1,"featured_media":0,"parent":0,"menu_order":0,"comment_status":"closed","ping_status":"closed","template":"","meta":{"footnotes":""},"class_list":["post-24","page","type-page","status-publish","hentry"],"_links":{"self":[{"href":"https:\/\/luisaleao.com\/en\/wp-json\/wp\/v2\/pages\/24","targetHints":{"allow":["GET"]}}],"collection":[{"href":"https:\/\/luisaleao.com\/en\/wp-json\/wp\/v2\/pages"}],"about":[{"href":"https:\/\/luisaleao.com\/en\/wp-json\/wp\/v2\/types\/page"}],"author":[{"embeddable":true,"href":"https:\/\/luisaleao.com\/en\/wp-json\/wp\/v2\/users\/1"}],"replies":[{"embeddable":true,"href":"https:\/\/luisaleao.com\/en\/wp-json\/wp\/v2\/comments?post=24"}],"version-history":[{"count":34,"href":"https:\/\/luisaleao.com\/en\/wp-json\/wp\/v2\/pages\/24\/revisions"}],"predecessor-version":[{"id":1466,"href":"https:\/\/luisaleao.com\/en\/wp-json\/wp\/v2\/pages\/24\/revisions\/1466"}],"wp:attachment":[{"href":"https:\/\/luisaleao.com\/en\/wp-json\/wp\/v2\/media?parent=24"}],"curies":[{"name":"wp","href":"https:\/\/api.w.org\/{rel}","templated":true}]}}